{"id":5747,"date":"2024-04-11T17:38:05","date_gmt":"2024-04-11T15:38:05","guid":{"rendered":"https:\/\/imki.com\/?page_id=5747"},"modified":"2025-01-06T16:50:19","modified_gmt":"2025-01-06T15:50:19","slug":"homepage","status":"publish","type":"page","link":"https:\/\/imki.com\/fr\/","title":{"rendered":"Accueil"},"content":{"rendered":"","protected":false},"excerpt":{"rendered":"","protected":false},"author":1,"featured_media":0,"parent":0,"menu_order":0,"comment_status":"closed","ping_status":"closed","template":"","meta":{"footnotes":""},"acf":[],"yoast_head":"<!-- This site is optimized with the Yoast SEO plugin v21.9.1 - https:\/\/yoast.com\/wordpress\/plugins\/seo\/ -->\n<title>Accueil - Imki<\/title>\n<meta name=\"description\" content=\"Nous augmentons et acc\u00e9l\u00e9rons les processus cr\u00e9atifs des marques gr\u00e2ce \u00e0 des solutions d\u2019IA, sur-mesure, sp\u00e9cialis\u00e9es, s\u00e9curis\u00e9es et responsables.\" \/>\n<meta name=\"robots\" content=\"index, follow, max-snippet:-1, max-image-preview:large, max-video-preview:-1\" \/>\n<link rel=\"canonical\" href=\"https:\/\/imki.com\/fr\/\" \/>\n<meta property=\"og:locale\" content=\"fr_FR\" \/>\n<meta property=\"og:type\" content=\"article\" \/>\n<meta property=\"og:title\" content=\"Accueil - Imki\" \/>\n<meta property=\"og:description\" content=\"Nous augmentons et acc\u00e9l\u00e9rons les processus cr\u00e9atifs des marques gr\u00e2ce \u00e0 des solutions d\u2019IA, sur-mesure, sp\u00e9cialis\u00e9es, s\u00e9curis\u00e9es et responsables.\" \/>\n<meta property=\"og:url\" content=\"https:\/\/imki.com\/fr\/\" \/>\n<meta property=\"og:site_name\" content=\"Imki\" \/>\n<meta property=\"article:modified_time\" content=\"2025-01-06T15:50:19+00:00\" \/>\n<meta name=\"twitter:card\" content=\"summary_large_image\" \/>\n<script type=\"application\/ld+json\" class=\"yoast-schema-graph\">{\"@context\":\"https:\/\/schema.org\",\"@graph\":[{\"@type\":\"WebPage\",\"@id\":\"https:\/\/imki.com\/fr\/\",\"url\":\"https:\/\/imki.com\/fr\/\",\"name\":\"Accueil - Imki\",\"isPartOf\":{\"@id\":\"https:\/\/www.imki.tech\/#website\"},\"datePublished\":\"2024-04-11T15:38:05+00:00\",\"dateModified\":\"2025-01-06T15:50:19+00:00\",\"description\":\"Nous augmentons et acc\u00e9l\u00e9rons les processus cr\u00e9atifs des marques gr\u00e2ce \u00e0 des solutions d\u2019IA, sur-mesure, sp\u00e9cialis\u00e9es, s\u00e9curis\u00e9es et responsables.\",\"breadcrumb\":{\"@id\":\"https:\/\/imki.com\/fr\/#breadcrumb\"},\"inLanguage\":\"fr-FR\",\"potentialAction\":[{\"@type\":\"ReadAction\",\"target\":[\"https:\/\/imki.com\/fr\/\"]}]},{\"@type\":\"BreadcrumbList\",\"@id\":\"https:\/\/imki.com\/fr\/#breadcrumb\",\"itemListElement\":[{\"@type\":\"ListItem\",\"position\":1,\"name\":\"Home\",\"item\":\"https:\/\/imki.com\/fr\/\"},{\"@type\":\"ListItem\",\"position\":2,\"name\":\"Accueil\"}]},{\"@type\":\"WebSite\",\"@id\":\"https:\/\/www.imki.tech\/#website\",\"url\":\"https:\/\/www.imki.tech\/\",\"name\":\"Imki\",\"description\":\"Augmented Creativity\",\"potentialAction\":[{\"@type\":\"SearchAction\",\"target\":{\"@type\":\"EntryPoint\",\"urlTemplate\":\"https:\/\/www.imki.tech\/?s={search_term_string}\"},\"query-input\":\"required name=search_term_string\"}],\"inLanguage\":\"fr-FR\"}]}<\/script>\n<!-- \/ Yoast SEO plugin. -->","yoast_head_json":{"title":"Accueil - Imki","description":"Nous augmentons et acc\u00e9l\u00e9rons les processus cr\u00e9atifs des marques gr\u00e2ce \u00e0 des solutions d\u2019IA, sur-mesure, sp\u00e9cialis\u00e9es, s\u00e9curis\u00e9es et responsables.","robots":{"index":"index","follow":"follow","max-snippet":"max-snippet:-1","max-image-preview":"max-image-preview:large","max-video-preview":"max-video-preview:-1"},"canonical":"https:\/\/imki.com\/fr\/","og_locale":"fr_FR","og_type":"article","og_title":"Accueil - Imki","og_description":"Nous augmentons et acc\u00e9l\u00e9rons les processus cr\u00e9atifs des marques gr\u00e2ce \u00e0 des solutions d\u2019IA, sur-mesure, sp\u00e9cialis\u00e9es, s\u00e9curis\u00e9es et responsables.","og_url":"https:\/\/imki.com\/fr\/","og_site_name":"Imki","article_modified_time":"2025-01-06T15:50:19+00:00","twitter_card":"summary_large_image","schema":{"@context":"https:\/\/schema.org","@graph":[{"@type":"WebPage","@id":"https:\/\/imki.com\/fr\/","url":"https:\/\/imki.com\/fr\/","name":"Accueil - Imki","isPartOf":{"@id":"https:\/\/www.imki.tech\/#website"},"datePublished":"2024-04-11T15:38:05+00:00","dateModified":"2025-01-06T15:50:19+00:00","description":"Nous augmentons et acc\u00e9l\u00e9rons les processus cr\u00e9atifs des marques gr\u00e2ce \u00e0 des solutions d\u2019IA, sur-mesure, sp\u00e9cialis\u00e9es, s\u00e9curis\u00e9es et responsables.","breadcrumb":{"@id":"https:\/\/imki.com\/fr\/#breadcrumb"},"inLanguage":"fr-FR","potentialAction":[{"@type":"ReadAction","target":["https:\/\/imki.com\/fr\/"]}]},{"@type":"BreadcrumbList","@id":"https:\/\/imki.com\/fr\/#breadcrumb","itemListElement":[{"@type":"ListItem","position":1,"name":"Home","item":"https:\/\/imki.com\/fr\/"},{"@type":"ListItem","position":2,"name":"Accueil"}]},{"@type":"WebSite","@id":"https:\/\/www.imki.tech\/#website","url":"https:\/\/www.imki.tech\/","name":"Imki","description":"Augmented Creativity","potentialAction":[{"@type":"SearchAction","target":{"@type":"EntryPoint","urlTemplate":"https:\/\/www.imki.tech\/?s={search_term_string}"},"query-input":"required name=search_term_string"}],"inLanguage":"fr-FR"}]}},"_links":{"self":[{"href":"https:\/\/imki.com\/fr\/wp-json\/wp\/v2\/pages\/5747"}],"collection":[{"href":"https:\/\/imki.com\/fr\/wp-json\/wp\/v2\/pages"}],"about":[{"href":"https:\/\/imki.com\/fr\/wp-json\/wp\/v2\/types\/page"}],"author":[{"embeddable":true,"href":"https:\/\/imki.com\/fr\/wp-json\/wp\/v2\/users\/1"}],"replies":[{"embeddable":true,"href":"https:\/\/imki.com\/fr\/wp-json\/wp\/v2\/comments?post=5747"}],"version-history":[{"count":44,"href":"https:\/\/imki.com\/fr\/wp-json\/wp\/v2\/pages\/5747\/revisions"}],"predecessor-version":[{"id":6491,"href":"https:\/\/imki.com\/fr\/wp-json\/wp\/v2\/pages\/5747\/revisions\/6491"}],"wp:attachment":[{"href":"https:\/\/imki.com\/fr\/wp-json\/wp\/v2\/media?parent=5747"}],"curies":[{"name":"wp","href":"https:\/\/api.w.org\/{rel}","templated":true}]}}